{"id":2,"date":"2020-01-08T20:00:23","date_gmt":"2020-01-08T20:00:23","guid":{"rendered":"http:\/\/shift-portal.azurewebsites.net\/?page_id=2"},"modified":"2020-09-24T19:43:31","modified_gmt":"2020-09-24T19:43:31","slug":"diego","status":"publish","type":"page","link":"https:\/\/www.shift.net.ar\/index.php\/diego\/","title":{"rendered":"diego"},"content":{"rendered":"\n<h2 class=\"has-vivid-cyan-blue-color has-text-color wp-block-heading\"><strong>DIEGO GUERRIERI<\/strong><\/h2>\n\n\n\n<p style=\"color:#505253\" class=\"has-text-color has-medium-font-size\">Es graduado de la Carrera de Actuario en la Facultad de Ciencias Econ\u00f3micas de la Universidad de Buenos Aires en el a\u00f1o 2001.  <br> Se ha desarrollado en importantes compa\u00f1\u00edas de Seguros de la Argentina y en consultoras actuariales de primer nivel desde el a\u00f1o 1996 hasta el a\u00f1o 2005.  <br> Como consultor independiente brinda servicios para distintas empresas y organismos privados y p\u00fablicos, siempre desde el punto de vista actuarial (esquemas previsionales, estad\u00edsticas, seguros, reaseguros) y adicionalmente con una fuerte especializaci\u00f3n en la implementaci\u00f3n de software.<\/p>\n","protected":false},"excerpt":{"rendered":"<p>DIEGO GUERRIERI Es graduado de la Carrera de Actuario en la Facultad de Ciencias Econ\u00f3micas de la Universidad de Buenos Aires en el a\u00f1o 2001. Se ha desarrollado en importantes compa\u00f1\u00edas de Seguros de la Argentina y en consultoras actuariales de primer nivel desde el a\u00f1o 1996 hasta el a\u00f1o 2005. Como consultor independiente brinda [&hellip;]<\/p>\n","protected":false},"author":1,"featured_media":0,"parent":0,"menu_order":0,"comment_status":"closed","ping_status":"closed","template":"","meta":{"footnotes":""},"class_list":["post-2","page","type-page","status-publish","hentry"],"_links":{"self":[{"href":"https:\/\/www.shift.net.ar\/index.php\/wp-json\/wp\/v2\/pages\/2","targetHints":{"allow":["GET"]}}],"collection":[{"href":"https:\/\/www.shift.net.ar\/index.php\/wp-json\/wp\/v2\/pages"}],"about":[{"href":"https:\/\/www.shift.net.ar\/index.php\/wp-json\/wp\/v2\/types\/page"}],"author":[{"embeddable":true,"href":"https:\/\/www.shift.net.ar\/index.php\/wp-json\/wp\/v2\/users\/1"}],"replies":[{"embeddable":true,"href":"https:\/\/www.shift.net.ar\/index.php\/wp-json\/wp\/v2\/comments?post=2"}],"version-history":[{"count":9,"href":"https:\/\/www.shift.net.ar\/index.php\/wp-json\/wp\/v2\/pages\/2\/revisions"}],"predecessor-version":[{"id":74,"href":"https:\/\/www.shift.net.ar\/index.php\/wp-json\/wp\/v2\/pages\/2\/revisions\/74"}],"wp:attachment":[{"href":"https:\/\/www.shift.net.ar\/index.php\/wp-json\/wp\/v2\/media?parent=2"}],"curies":[{"name":"wp","href":"https:\/\/api.w.org\/{rel}","templated":true}]}}