{"id":77,"date":"2020-09-24T19:45:55","date_gmt":"2020-09-24T19:45:55","guid":{"rendered":"http:\/\/www.shift.net.ar\/?page_id=77"},"modified":"2020-09-24T19:46:20","modified_gmt":"2020-09-24T19:46:20","slug":"mariel","status":"publish","type":"page","link":"https:\/\/www.shift.net.ar\/index.php\/mariel\/","title":{"rendered":"Mariel"},"content":{"rendered":"\n<p style=\"font-size:30px\" class=\"has-text-color has-vivid-cyan-blue-color\"><strong>MARIEL LEMBO<\/strong><\/p>\n\n\n\n<p class=\"has-medium-font-size\">Es graduada de la Carrera de Licenciatura en Administraci\u00f3n de Recursos Humanos en la Universidad del Salvador. Se ha capacitado en Digital Talent en Digital House, Coaching en el IAE, entre otros. <br>\nProfesionalmente lleva m\u00e1s de 10 a\u00f1os desarroll\u00e1ndose en el \u00e1rea de RRHH  acompa\u00f1ando a empresas grandes y pymes en su gesti\u00f3n. <br>\nProfesionalmente gestion\u00f3 con \u00e9xito desaf\u00edos como el start up de \u00e1reas de Recursos Humanos, la implementaci\u00f3n de procesos de cambios culturales y la profesionalizaci\u00f3n de organizaciones; Pymes nacionales y empresas familiares como as\u00ed tambi\u00e9n de empresas de grandes dotaciones. Como directora de recursos humanos gestion\u00f3 equipos de empleos, capacitaci\u00f3n y desarrollo, payroll y administraci\u00f3n del personal entre otros.<\/p>\n","protected":false},"excerpt":{"rendered":"<p>MARIEL LEMBO Es graduada de la Carrera de Licenciatura en Administraci\u00f3n de Recursos Humanos en la Universidad del Salvador. Se ha capacitado en Digital Talent en Digital House, Coaching en el IAE, entre otros. Profesionalmente lleva m\u00e1s de 10 a\u00f1os desarroll\u00e1ndose en el \u00e1rea de RRHH acompa\u00f1ando a empresas grandes y pymes en su gesti\u00f3n. [&hellip;]<\/p>\n","protected":false},"author":3,"featured_media":0,"parent":0,"menu_order":0,"comment_status":"closed","ping_status":"closed","template":"","meta":{"footnotes":""},"class_list":["post-77","page","type-page","status-publish","hentry"],"_links":{"self":[{"href":"https:\/\/www.shift.net.ar\/index.php\/wp-json\/wp\/v2\/pages\/77","targetHints":{"allow":["GET"]}}],"collection":[{"href":"https:\/\/www.shift.net.ar\/index.php\/wp-json\/wp\/v2\/pages"}],"about":[{"href":"https:\/\/www.shift.net.ar\/index.php\/wp-json\/wp\/v2\/types\/page"}],"author":[{"embeddable":true,"href":"https:\/\/www.shift.net.ar\/index.php\/wp-json\/wp\/v2\/users\/3"}],"replies":[{"embeddable":true,"href":"https:\/\/www.shift.net.ar\/index.php\/wp-json\/wp\/v2\/comments?post=77"}],"version-history":[{"count":3,"href":"https:\/\/www.shift.net.ar\/index.php\/wp-json\/wp\/v2\/pages\/77\/revisions"}],"predecessor-version":[{"id":81,"href":"https:\/\/www.shift.net.ar\/index.php\/wp-json\/wp\/v2\/pages\/77\/revisions\/81"}],"wp:attachment":[{"href":"https:\/\/www.shift.net.ar\/index.php\/wp-json\/wp\/v2\/media?parent=77"}],"curies":[{"name":"wp","href":"https:\/\/api.w.org\/{rel}","templated":true}]}}