{"id":82,"date":"2020-09-24T19:49:19","date_gmt":"2020-09-24T19:49:19","guid":{"rendered":"http:\/\/www.shift.net.ar\/?page_id=82"},"modified":"2020-09-24T19:49:19","modified_gmt":"2020-09-24T19:49:19","slug":"daniel","status":"publish","type":"page","link":"https:\/\/www.shift.net.ar\/index.php\/daniel\/","title":{"rendered":"daniel"},"content":{"rendered":"\n<p style=\"font-size:30px\" class=\"has-text-color has-vivid-cyan-blue-color\"><strong>DANIEL S. LEVI<\/strong><\/p>\n\n\n\n<p class=\"has-medium-font-size\">Es Licenciado en Inform\u00e1tica (UADE) y posee un Master en Administraci\u00f3n de Empresas (IDEA) en donde tambi\u00e9n se desempe\u00f1\u00f3 como profesor de finanzas corporativas y proyectos de inversi\u00f3n.  En esa disciplina fue tambi\u00e9n docente invitado en la UBA, la Universidad del CEMA y la New York University.<br> Se ha desempe\u00f1ado en \u00e1reas de consultor\u00eda de negocios en empresas como Gartner y Accenture y en \u00e1reas de tecnolog\u00eda para BNL, Coca-Cola Femsa, Clorox y Microsoft (en donde fue Senior IT Manager, fue gerente de producto de Windows y Office y, finalmente, estuvo a cargo de nuevas tecnolog\u00edas para IT Pro). Desde 2013 encar\u00f3 diversos proyectos como independiente y es actualmente Socio-CTO de Cambios Online S.A. (CambioAR.com) y socio director de Shift Technology (especializado en servicios de infraestructura).<\/p>\n\n\n\n<p><\/p>\n","protected":false},"excerpt":{"rendered":"<p>DANIEL S. LEVI Es Licenciado en Inform\u00e1tica (UADE) y posee un Master en Administraci\u00f3n de Empresas (IDEA) en donde tambi\u00e9n se desempe\u00f1\u00f3 como profesor de finanzas corporativas y proyectos de inversi\u00f3n. En esa disciplina fue tambi\u00e9n docente invitado en la UBA, la Universidad del CEMA y la New York University. Se ha desempe\u00f1ado en \u00e1reas [&hellip;]<\/p>\n","protected":false},"author":3,"featured_media":0,"parent":0,"menu_order":0,"comment_status":"closed","ping_status":"closed","template":"","meta":{"footnotes":""},"class_list":["post-82","page","type-page","status-publish","hentry"],"_links":{"self":[{"href":"https:\/\/www.shift.net.ar\/index.php\/wp-json\/wp\/v2\/pages\/82","targetHints":{"allow":["GET"]}}],"collection":[{"href":"https:\/\/www.shift.net.ar\/index.php\/wp-json\/wp\/v2\/pages"}],"about":[{"href":"https:\/\/www.shift.net.ar\/index.php\/wp-json\/wp\/v2\/types\/page"}],"author":[{"embeddable":true,"href":"https:\/\/www.shift.net.ar\/index.php\/wp-json\/wp\/v2\/users\/3"}],"replies":[{"embeddable":true,"href":"https:\/\/www.shift.net.ar\/index.php\/wp-json\/wp\/v2\/comments?post=82"}],"version-history":[{"count":1,"href":"https:\/\/www.shift.net.ar\/index.php\/wp-json\/wp\/v2\/pages\/82\/revisions"}],"predecessor-version":[{"id":84,"href":"https:\/\/www.shift.net.ar\/index.php\/wp-json\/wp\/v2\/pages\/82\/revisions\/84"}],"wp:attachment":[{"href":"https:\/\/www.shift.net.ar\/index.php\/wp-json\/wp\/v2\/media?parent=82"}],"curies":[{"name":"wp","href":"https:\/\/api.w.org\/{rel}","templated":true}]}}