{"id":85,"date":"2020-09-24T19:50:42","date_gmt":"2020-09-24T19:50:42","guid":{"rendered":"http:\/\/www.shift.net.ar\/?page_id=85"},"modified":"2020-09-24T19:50:43","modified_gmt":"2020-09-24T19:50:43","slug":"juan","status":"publish","type":"page","link":"https:\/\/www.shift.net.ar\/index.php\/juan\/","title":{"rendered":"juan"},"content":{"rendered":"\n<p style=\"font-size:30px\" class=\"has-text-color has-vivid-cyan-blue-color\"><strong>JUAN MANUEL GARCIA<\/strong><\/p>\n\n\n\n<p class=\"has-medium-font-size\">Graduado de la Carrera de Inform\u00e1tica en la Facultad de Ciencias Exactas de la Universidad Argentina de la Empresa, posgrado de docencia en la UADE. Formado en negociaci\u00f3n y management en la Universidad de San Andr\u00e9s.<br>\nCuenta con 25 a\u00f1os de experiencia en empresas nacionales y multinacionales en el \u00e1rea de tecnolog\u00eda, desarrollando y ejecutando proyectos en Am\u00e9rica Latina en industrias de Utilities, Productos, Telecomunicaciones y Banca. Adicionalmente cuenta con formaci\u00f3n y experiencia en gesti\u00f3n y liderazgo de equipos multidisciplinarios. <br>\nEn 1995 se incorpor\u00f3 a Andersen Consulting (hoy Accenture) donde se desempe\u00f1\u00f3 en la pr\u00e1ctica de Outsourcing y en el desarrollo, transici\u00f3n y toma de control de operaciones de TI. En 2015 se uni\u00f3 a Itrio para desarrollar y operar la pr\u00e1ctica de servicios de Outsourcing de TI.<\/p>\n","protected":false},"excerpt":{"rendered":"<p>JUAN MANUEL GARCIA Graduado de la Carrera de Inform\u00e1tica en la Facultad de Ciencias Exactas de la Universidad Argentina de la Empresa, posgrado de docencia en la UADE. Formado en negociaci\u00f3n y management en la Universidad de San Andr\u00e9s. Cuenta con 25 a\u00f1os de experiencia en empresas nacionales y multinacionales en el \u00e1rea de tecnolog\u00eda, [&hellip;]<\/p>\n","protected":false},"author":3,"featured_media":0,"parent":0,"menu_order":0,"comment_status":"closed","ping_status":"closed","template":"","meta":{"footnotes":""},"class_list":["post-85","page","type-page","status-publish","hentry"],"_links":{"self":[{"href":"https:\/\/www.shift.net.ar\/index.php\/wp-json\/wp\/v2\/pages\/85","targetHints":{"allow":["GET"]}}],"collection":[{"href":"https:\/\/www.shift.net.ar\/index.php\/wp-json\/wp\/v2\/pages"}],"about":[{"href":"https:\/\/www.shift.net.ar\/index.php\/wp-json\/wp\/v2\/types\/page"}],"author":[{"embeddable":true,"href":"https:\/\/www.shift.net.ar\/index.php\/wp-json\/wp\/v2\/users\/3"}],"replies":[{"embeddable":true,"href":"https:\/\/www.shift.net.ar\/index.php\/wp-json\/wp\/v2\/comments?post=85"}],"version-history":[{"count":1,"href":"https:\/\/www.shift.net.ar\/index.php\/wp-json\/wp\/v2\/pages\/85\/revisions"}],"predecessor-version":[{"id":87,"href":"https:\/\/www.shift.net.ar\/index.php\/wp-json\/wp\/v2\/pages\/85\/revisions\/87"}],"wp:attachment":[{"href":"https:\/\/www.shift.net.ar\/index.php\/wp-json\/wp\/v2\/media?parent=85"}],"curies":[{"name":"wp","href":"https:\/\/api.w.org\/{rel}","templated":true}]}}