{"id":88,"date":"2020-09-24T19:51:45","date_gmt":"2020-09-24T19:51:45","guid":{"rendered":"http:\/\/www.shift.net.ar\/?page_id=88"},"modified":"2020-09-24T19:51:57","modified_gmt":"2020-09-24T19:51:57","slug":"luis","status":"publish","type":"page","link":"https:\/\/www.shift.net.ar\/index.php\/luis\/","title":{"rendered":"luis"},"content":{"rendered":"\n<p style=\"font-size:30px\" class=\"has-text-color has-vivid-cyan-blue-color\"><strong>LUIS FELIPE MOLINA<\/strong><\/p>\n\n\n\n<p class=\"has-medium-font-size\">Es graduado en Ciencias Econ\u00f3micas especializado en Sistema Bancario y Mercado de Capitales en la Universidad Champagnat de Mendoza, Executive MBA (Triple Corona) en ESC Montpellier Francia y Postgraduado en Innovacion y Desarrollo de Empresas por la Universidad de Cambridge, UK.<br>\nAdicionalmente se ha graduado como Master en la Universidad de Valparaiso en Chile y en la Universidad Paul Valery en Francia. Luego, en la London School of Economics and Political Science (LSE) se form\u00f3 en Estrategia Organizacional y Corporativa.<br>\nProfesionalmente se ha desarrollado como asesor para el gobierno del Sur de Francia en proyectos tecnol\u00f3gicos orientados al desarrollo social, econ\u00f3mico, territorial y tur\u00edstico. En el Reino Unido se desempe\u00f1\u00f3 como manager en compa\u00f1\u00edas de la multinacional brit\u00e1nica Whitbread PLC (FTSE 100) y como consultor independiente de diferentes start-ups del centro de emprendedores de la Cambridge Judge Business School. Desde 2019 trabaja como consultor en Shift Technology asesorando distintas empresas y organismos privados y p\u00fablicos.<\/p>\n","protected":false},"excerpt":{"rendered":"<p>LUIS FELIPE MOLINA Es graduado en Ciencias Econ\u00f3micas especializado en Sistema Bancario y Mercado de Capitales en la Universidad Champagnat de Mendoza, Executive MBA (Triple Corona) en ESC Montpellier Francia y Postgraduado en Innovacion y Desarrollo de Empresas por la Universidad de Cambridge, UK. Adicionalmente se ha graduado como Master en la Universidad de Valparaiso [&hellip;]<\/p>\n","protected":false},"author":3,"featured_media":0,"parent":0,"menu_order":0,"comment_status":"closed","ping_status":"closed","template":"","meta":{"footnotes":""},"class_list":["post-88","page","type-page","status-publish","hentry"],"_links":{"self":[{"href":"https:\/\/www.shift.net.ar\/index.php\/wp-json\/wp\/v2\/pages\/88","targetHints":{"allow":["GET"]}}],"collection":[{"href":"https:\/\/www.shift.net.ar\/index.php\/wp-json\/wp\/v2\/pages"}],"about":[{"href":"https:\/\/www.shift.net.ar\/index.php\/wp-json\/wp\/v2\/types\/page"}],"author":[{"embeddable":true,"href":"https:\/\/www.shift.net.ar\/index.php\/wp-json\/wp\/v2\/users\/3"}],"replies":[{"embeddable":true,"href":"https:\/\/www.shift.net.ar\/index.php\/wp-json\/wp\/v2\/comments?post=88"}],"version-history":[{"count":2,"href":"https:\/\/www.shift.net.ar\/index.php\/wp-json\/wp\/v2\/pages\/88\/revisions"}],"predecessor-version":[{"id":91,"href":"https:\/\/www.shift.net.ar\/index.php\/wp-json\/wp\/v2\/pages\/88\/revisions\/91"}],"wp:attachment":[{"href":"https:\/\/www.shift.net.ar\/index.php\/wp-json\/wp\/v2\/media?parent=88"}],"curies":[{"name":"wp","href":"https:\/\/api.w.org\/{rel}","templated":true}]}}