{"id":99,"date":"2022-09-12T15:55:05","date_gmt":"2022-09-12T15:55:05","guid":{"rendered":"http:\/\/www.shift.net.ar\/?page_id=99"},"modified":"2022-09-12T16:04:03","modified_gmt":"2022-09-12T16:04:03","slug":"carla-ribeiro","status":"publish","type":"page","link":"https:\/\/www.shift.net.ar\/index.php\/carla-ribeiro\/","title":{"rendered":"Carla"},"content":{"rendered":"\n<p style=\"font-size:32px\" class=\"has-text-color has-vivid-cyan-blue-color\"><strong>CARLA RIBEIRO<\/strong><\/p>\n\n\n\n<p class=\"has-medium-font-size\">20 a\u00f1os de experiencia brindando servicios de Outsourcing, Consultor\u00eda y Tecnolog\u00eda para empresa l\u00edder a nivel mundial en Consultor\u00eda y Tecnolog\u00eda y hace m\u00e1s de 4 a\u00f1os como profesional independiente asesorando Pymes en el \u00e1rea de innovaci\u00f3n, educaci\u00f3n y desarrollo tecnol\u00f3gico y humano. Global COO en empresa l\u00edder en EdTech.<br>\nVasta experiencia en la Direcci\u00f3n y Liderazgo de Proyectos regionales, gestionando equipos multidisciplinarios de alto rendimiento y excelencia en los resultados. Especialista en investigaci\u00f3n y Desarrollo de Contenidos Tecnol\u00f3gicos y Programas de Capacidades Interpesonales. Responsable de Programas de Voluntariado en segmento empresas articulando con Fundaciones como Pescar y Forge. Extensa formaci\u00f3n en Sistemas de la Informaci\u00f3n, tecnolog\u00eda y Gesti\u00f3n de Proyectos (San Andr\u00e9s, UBA, UTN, UB) Y en programas de Entrepreneurship (IAE)<\/p>\n","protected":false},"excerpt":{"rendered":"<p>CARLA RIBEIRO 20 a\u00f1os de experiencia brindando servicios de Outsourcing, Consultor\u00eda y Tecnolog\u00eda para empresa l\u00edder a nivel mundial en Consultor\u00eda y Tecnolog\u00eda y hace m\u00e1s de 4 a\u00f1os como profesional independiente asesorando Pymes en el \u00e1rea de innovaci\u00f3n, educaci\u00f3n y desarrollo tecnol\u00f3gico y humano. Global COO en empresa l\u00edder en EdTech. Vasta experiencia en [&hellip;]<\/p>\n","protected":false},"author":3,"featured_media":0,"parent":0,"menu_order":0,"comment_status":"closed","ping_status":"closed","template":"","meta":{"footnotes":""},"class_list":["post-99","page","type-page","status-publish","hentry"],"_links":{"self":[{"href":"https:\/\/www.shift.net.ar\/index.php\/wp-json\/wp\/v2\/pages\/99","targetHints":{"allow":["GET"]}}],"collection":[{"href":"https:\/\/www.shift.net.ar\/index.php\/wp-json\/wp\/v2\/pages"}],"about":[{"href":"https:\/\/www.shift.net.ar\/index.php\/wp-json\/wp\/v2\/types\/page"}],"author":[{"embeddable":true,"href":"https:\/\/www.shift.net.ar\/index.php\/wp-json\/wp\/v2\/users\/3"}],"replies":[{"embeddable":true,"href":"https:\/\/www.shift.net.ar\/index.php\/wp-json\/wp\/v2\/comments?post=99"}],"version-history":[{"count":14,"href":"https:\/\/www.shift.net.ar\/index.php\/wp-json\/wp\/v2\/pages\/99\/revisions"}],"predecessor-version":[{"id":114,"href":"https:\/\/www.shift.net.ar\/index.php\/wp-json\/wp\/v2\/pages\/99\/revisions\/114"}],"wp:attachment":[{"href":"https:\/\/www.shift.net.ar\/index.php\/wp-json\/wp\/v2\/media?parent=99"}],"curies":[{"name":"wp","href":"https:\/\/api.w.org\/{rel}","templated":true}]}}